{"id":147,"date":"2022-04-13T13:41:25","date_gmt":"2022-04-13T13:41:25","guid":{"rendered":"http:\/\/femde.mx\/nacionales2022\/new\/?page_id=147"},"modified":"2023-01-06T21:59:57","modified_gmt":"2023-01-06T21:59:57","slug":"acreditaciones","status":"publish","type":"page","link":"https:\/\/femde.mx\/nacionales2022\/acreditaciones\/","title":{"rendered":"Acreditaciones"},"content":{"rendered":"\t\t<div data-elementor-type=\"wp-page\" data-elementor-id=\"147\" class=\"elementor elementor-147\">\n\t\t\t\t\t\t\t\t\t<section class=\"elementor-section elementor-top-section elementor-element elementor-element-5340cb83 elementor-section-boxed elementor-section-height-default elementor-section-height-default\" data-id=\"5340cb83\" data-element_type=\"section\" data-settings=\"{&quot;background_background&quot;:&quot;classic&quot;}\">\n\t\t\t\t\t\t\t<div class=\"elementor-background-overlay\"><\/div>\n\t\t\t\t\t\t\t<div class=\"elementor-container elementor-column-gap-default\">\n\t\t\t\t\t<div class=\"elementor-column elementor-col-100 elementor-top-column elementor-element elementor-element-6f0258b7\" data-id=\"6f0258b7\" data-element_type=\"column\">\n\t\t\t<div class=\"elementor-widget-wrap elementor-element-populated\">\n\t\t\t\t\t\t\t\t<div class=\"elementor-element elementor-element-40b5a21e elementor-widget__width-auto elementor-widget elementor-widget-elementskit-button\" data-id=\"40b5a21e\" data-element_type=\"widget\" data-widget_type=\"elementskit-button.default\">\n\t\t\t\t<div class=\"elementor-widget-container\">\n\t\t\t<div class=\"ekit-wid-con\" >\t\t<div class=\"ekit-btn-wraper\">\n\t\t\t\t\t\t\t<a href=\"https:\/\/femde.mx\/nacionales2022\" class=\"elementskit-btn  whitespace--normal\" >\n\t\t\t\t\t\n\t\t\t\t\t\n\t\t\t\t\tJEN2022\t\t\t\t<\/a>\n\t\t\t\t\t\t<\/div>\n        <\/div>\t\t<\/div>\n\t\t\t\t<\/div>\n\t\t\t\t<div class=\"elementor-element elementor-element-7dccca13 elementor-widget__width-auto elementor-widget elementor-widget-heading\" data-id=\"7dccca13\" data-element_type=\"widget\" data-widget_type=\"heading.default\">\n\t\t\t\t<div class=\"elementor-widget-container\">\n\t\t\t<style>\/*! elementor - v3.6.7 - 03-07-2022 *\/\n.elementor-heading-title{padding:0;margin:0;line-height:1}.elementor-widget-heading .elementor-heading-title[class*=elementor-size-]>a{color:inherit;font-size:inherit;line-height:inherit}.elementor-widget-heading .elementor-heading-title.elementor-size-small{font-size:15px}.elementor-widget-heading .elementor-heading-title.elementor-size-medium{font-size:19px}.elementor-widget-heading .elementor-heading-title.elementor-size-large{font-size:29px}.elementor-widget-heading .elementor-heading-title.elementor-size-xl{font-size:39px}.elementor-widget-heading .elementor-heading-title.elementor-size-xxl{font-size:59px}<\/style><div class=\"elementor-heading-title elementor-size-default\">\/<\/div>\t\t<\/div>\n\t\t\t\t<\/div>\n\t\t\t\t<div class=\"elementor-element elementor-element-583a5226 elementor-widget__width-auto elementor-widget elementor-widget-heading\" data-id=\"583a5226\" data-element_type=\"widget\" data-widget_type=\"heading.default\">\n\t\t\t\t<div class=\"elementor-widget-container\">\n\t\t\t<div class=\"elementor-heading-title elementor-size-default\">PARTICIPACI\u00d3N<\/div>\t\t<\/div>\n\t\t\t\t<\/div>\n\t\t\t\t<div class=\"elementor-element elementor-element-7c01f474 elementor-widget elementor-widget-heading\" data-id=\"7c01f474\" data-element_type=\"widget\" data-widget_type=\"heading.default\">\n\t\t\t\t<div class=\"elementor-widget-container\">\n\t\t\t<h2 class=\"elementor-heading-title elementor-size-default\">PAQUETES DE ENTRADA<\/h2>\t\t<\/div>\n\t\t\t\t<\/div>\n\t\t\t\t\t<\/div>\n\t\t<\/div>\n\t\t\t\t\t\t\t<\/div>\n\t\t<\/section>\n\t\t\t\t<section class=\"elementor-section elementor-top-section elementor-element elementor-element-1c5696da elementor-section-boxed elementor-section-height-default elementor-section-height-default\" data-id=\"1c5696da\" data-element_type=\"section\" data-settings=\"{&quot;background_background&quot;:&quot;classic&quot;}\">\n\t\t\t\t\t\t\t<div class=\"elementor-background-overlay\"><\/div>\n\t\t\t\t\t\t\t<div class=\"elementor-container elementor-column-gap-default\">\n\t\t\t\t\t<div class=\"elementor-column elementor-col-100 elementor-top-column elementor-element elementor-element-3cc4c373\" data-id=\"3cc4c373\" data-element_type=\"column\">\n\t\t\t<div class=\"elementor-widget-wrap elementor-element-populated\">\n\t\t\t\t\t\t\t\t<div class=\"elementor-element elementor-element-5ec78f9b elementor-widget elementor-widget-heading\" data-id=\"5ec78f9b\" data-element_type=\"widget\" data-widget_type=\"heading.default\">\n\t\t\t\t<div class=\"elementor-widget-container\">\n\t\t\t<h2 class=\"elementor-heading-title elementor-size-default\">JUEGOS EMPRESARIALES MUNDIALES 2023<\/h2>\t\t<\/div>\n\t\t\t\t<\/div>\n\t\t\t\t<div class=\"elementor-element elementor-element-e5002de elementor-align-center elementor-widget elementor-widget-button\" data-id=\"e5002de\" data-element_type=\"widget\" data-widget_type=\"button.default\">\n\t\t\t\t<div class=\"elementor-widget-container\">\n\t\t\t\t\t<div class=\"elementor-button-wrapper\">\n\t\t\t<a href=\"https:\/\/www.leon2023.org\/acreditation\/\" class=\"elementor-button-link elementor-button elementor-size-sm\" role=\"button\">\n\t\t\t\t\t\t<span class=\"elementor-button-content-wrapper\">\n\t\t\t\t\t\t<span class=\"elementor-button-text\">M\u00e1s Info<\/span>\n\t\t<\/span>\n\t\t\t\t\t<\/a>\n\t\t<\/div>\n\t\t\t\t<\/div>\n\t\t\t\t<\/div>\n\t\t\t\t<div class=\"elementor-element elementor-element-206a957d elementor-hidden-desktop elementor-hidden-tablet elementor-hidden-mobile elementor-widget elementor-widget-elementskit-accordion\" data-id=\"206a957d\" data-element_type=\"widget\" data-widget_type=\"elementskit-accordion.default\">\n\t\t\t\t<div class=\"elementor-widget-container\">\n\t\t\t<div class=\"ekit-wid-con\" >\n\n        <div class=\"elementskit-accordion floating-style\" id=\"accordion-69e53b0951d65\">\n\n            \n                <div class=\"elementskit-card\">\n                    <div class=\"elementskit-card-header\" id=\"primaryHeading-0-206a957d\">\n                        <a href=\"#collapse-54ca73f69e53b0951d65\" class=\"ekit-accordion--toggler elementskit-btn-link collapsed\" data-ekit-toggle=\"collapse\" data-target=\"#Collapse-54ca73f69e53b0951d65\" aria-expanded=\"false\" aria-controls=\"Collapse-54ca73f69e53b0951d65\">\n                            \n                            <span class=\"ekit-accordion-title\">AFILIACI\u00d3N DE LA EMPRESA<\/span>\n\n                            \n                                <div class=\"ekit_accordion_icon_group\">\n                                    <div class=\"ekit_accordion_normal_icon\">\n                                        <!-- Normal Icon -->\n                                        <i aria-hidden=\"true\" class=\"icon-open icon-right fas fa-plus\"><\/i>                                    <\/div>\n\n                                    <div class=\"ekit_accordion_active_icon\">\n                                        <!-- Active Icon -->\n                                        <i aria-hidden=\"true\" class=\"icon-closed icon-right fas fa-minus\"><\/i>                                    <\/div>\n\n                                <\/div>\n\n                            \n                                                    <\/a>\n                    <\/div>\n\n                    <div id=\"Collapse-54ca73f69e53b0951d65\" class=\" collapse\" aria-labelledby=\"primaryHeading-0-206a957d\" data-parent=\"#accordion-69e53b0951d65\">\n\n                        <div class=\"elementskit-card-body ekit-accordion--content\">\n                            <p>Esta Edici\u00f3n ser\u00e1 subsidiada por la FEMDE, por lo cual no tendr\u00e1 alg\u00fan costo de afiliaci\u00f3n para la empresa.<\/p>                        <\/div>\n\n                    <\/div>\n\n                <\/div><!-- .elementskit-card END -->\n\n                \n                <div class=\"elementskit-card\">\n                    <div class=\"elementskit-card-header\" id=\"primaryHeading-1-206a957d\">\n                        <a href=\"#collapse-332aedd69e53b0951d65\" class=\"ekit-accordion--toggler elementskit-btn-link collapsed\" data-ekit-toggle=\"collapse\" data-target=\"#Collapse-332aedd69e53b0951d65\" aria-expanded=\"false\" aria-controls=\"Collapse-332aedd69e53b0951d65\">\n                            \n                            <span class=\"ekit-accordion-title\">REGISTRO DE EMPLEADOS PARA ACREDITAR<\/span>\n\n                            \n                                <div class=\"ekit_accordion_icon_group\">\n                                    <div class=\"ekit_accordion_normal_icon\">\n                                        <!-- Normal Icon -->\n                                        <i aria-hidden=\"true\" class=\"icon-open icon-right fas fa-plus\"><\/i>                                    <\/div>\n\n                                    <div class=\"ekit_accordion_active_icon\">\n                                        <!-- Active Icon -->\n                                        <i aria-hidden=\"true\" class=\"icon-closed icon-right fas fa-minus\"><\/i>                                    <\/div>\n\n                                <\/div>\n\n                            \n                                                    <\/a>\n                    <\/div>\n\n                    <div id=\"Collapse-332aedd69e53b0951d65\" class=\" collapse\" aria-labelledby=\"primaryHeading-1-206a957d\" data-parent=\"#accordion-69e53b0951d65\">\n\n                        <div class=\"elementskit-card-body ekit-accordion--content\">\n                            <ul><li>Costo de $250 Personal<\/li><\/ul><p><strong>Incluye<\/strong> seguro contra accidentes en d\u00edas de competencia y derecho de participaci\u00f3n.<\/p>                        <\/div>\n\n                    <\/div>\n\n                <\/div><!-- .elementskit-card END -->\n\n                \n                <div class=\"elementskit-card\">\n                    <div class=\"elementskit-card-header\" id=\"primaryHeading-2-206a957d\">\n                        <a href=\"#collapse-9e68bc169e53b0951d65\" class=\"ekit-accordion--toggler elementskit-btn-link collapsed\" data-ekit-toggle=\"collapse\" data-target=\"#Collapse-9e68bc169e53b0951d65\" aria-expanded=\"false\" aria-controls=\"Collapse-9e68bc169e53b0951d65\">\n                            \n                            <span class=\"ekit-accordion-title\">COSTOS DE INSCRIPCI\u00d3N POR DISCIPLINA<\/span>\n\n                            \n                                <div class=\"ekit_accordion_icon_group\">\n                                    <div class=\"ekit_accordion_normal_icon\">\n                                        <!-- Normal Icon -->\n                                        <i aria-hidden=\"true\" class=\"icon-open icon-right fas fa-plus\"><\/i>                                    <\/div>\n\n                                    <div class=\"ekit_accordion_active_icon\">\n                                        <!-- Active Icon -->\n                                        <i aria-hidden=\"true\" class=\"icon-closed icon-right fas fa-minus\"><\/i>                                    <\/div>\n\n                                <\/div>\n\n                            \n                                                    <\/a>\n                    <\/div>\n\n                    <div id=\"Collapse-9e68bc169e53b0951d65\" class=\" collapse\" aria-labelledby=\"primaryHeading-2-206a957d\" data-parent=\"#accordion-69e53b0951d65\">\n\n                        <div class=\"elementskit-card-body ekit-accordion--content\">\n                                                    <\/div>\n\n                    <\/div>\n\n                <\/div><!-- .elementskit-card END -->\n\n                \n                <div class=\"elementskit-card\">\n                    <div class=\"elementskit-card-header\" id=\"primaryHeading-3-206a957d\">\n                        <a href=\"#collapse-e9b330769e53b0951d65\" class=\"ekit-accordion--toggler elementskit-btn-link collapsed\" data-ekit-toggle=\"collapse\" data-target=\"#Collapse-e9b330769e53b0951d65\" aria-expanded=\"false\" aria-controls=\"Collapse-e9b330769e53b0951d65\">\n                            \n                            <span class=\"ekit-accordion-title\">\u00bfQUE INCLUYE?<\/span>\n\n                            \n                                <div class=\"ekit_accordion_icon_group\">\n                                    <div class=\"ekit_accordion_normal_icon\">\n                                        <!-- Normal Icon -->\n                                        <i aria-hidden=\"true\" class=\"icon-open icon-right fas fa-plus\"><\/i>                                    <\/div>\n\n                                    <div class=\"ekit_accordion_active_icon\">\n                                        <!-- Active Icon -->\n                                        <i aria-hidden=\"true\" class=\"icon-closed icon-right fas fa-minus\"><\/i>                                    <\/div>\n\n                                <\/div>\n\n                            \n                                                    <\/a>\n                    <\/div>\n\n                    <div id=\"Collapse-e9b330769e53b0951d65\" class=\" collapse\" aria-labelledby=\"primaryHeading-3-206a957d\" data-parent=\"#accordion-69e53b0951d65\">\n\n                        <div class=\"elementskit-card-body ekit-accordion--content\">\n                            <ul><li>Acceso a la competici\u00f3n a todos los deportes. (Excepto Golf, Karting, Bolos).<\/li><li>Acceso a la Ceremonia Inaugural.<\/li><li>Acceso diario a todos los eventos sociales y a la Ceremonia de Clausura.<\/li><li>Acceso gratuito e ilimitado al transporte p\u00fablico durante los juegos.<\/li><li>Kit de bienvenida.<\/li><li>Cenas Buffet.<\/li><li>Servicio de primeros auxilios durante los eventos.<\/li><li>Acceso a centros de hidrataci\u00f3n.<\/li><li>Premios y medallas.<\/li><\/ul>                        <\/div>\n\n                    <\/div>\n\n                <\/div><!-- .elementskit-card END -->\n\n                \n                <div class=\"elementskit-card\">\n                    <div class=\"elementskit-card-header\" id=\"primaryHeading-4-206a957d\">\n                        <a href=\"#collapse-4990fa069e53b0951d65\" class=\"ekit-accordion--toggler elementskit-btn-link collapsed\" data-ekit-toggle=\"collapse\" data-target=\"#Collapse-4990fa069e53b0951d65\" aria-expanded=\"false\" aria-controls=\"Collapse-4990fa069e53b0951d65\">\n                            \n                            <span class=\"ekit-accordion-title\">PAGOS<\/span>\n\n                            \n                                <div class=\"ekit_accordion_icon_group\">\n                                    <div class=\"ekit_accordion_normal_icon\">\n                                        <!-- Normal Icon -->\n                                        <i aria-hidden=\"true\" class=\"icon-open icon-right fas fa-plus\"><\/i>                                    <\/div>\n\n                                    <div class=\"ekit_accordion_active_icon\">\n                                        <!-- Active Icon -->\n                                        <i aria-hidden=\"true\" class=\"icon-closed icon-right fas fa-minus\"><\/i>                                    <\/div>\n\n                                <\/div>\n\n                            \n                                                    <\/a>\n                    <\/div>\n\n                    <div id=\"Collapse-4990fa069e53b0951d65\" class=\" collapse\" aria-labelledby=\"primaryHeading-4-206a957d\" data-parent=\"#accordion-69e53b0951d65\">\n\n                        <div class=\"elementskit-card-body ekit-accordion--content\">\n                            <p class=\"p1\"><em><strong>FEDERACION MEXICANA DEL DEPORTE EMPRESARIAL A.C.<\/strong><\/em><\/p><p class=\"p1\"><em><strong>BANCO: BBVA<\/strong><\/em><\/p><p class=\"p1\"><em><strong>SUCURSAL 1681 CENTRO PYME LEON SUR<\/strong><\/em><\/p><p class=\"p1\"><em><strong>CUENTA: 0113565440<\/strong><\/em><\/p><p class=\"p1\"><em><strong>CLABE: 0122 2500 1135 654407<\/strong><\/em><\/p><p class=\"p1\"><em><strong>SWIFTT CODE: BCMRMXMMPYM<\/strong><\/em><\/p>                        <\/div>\n\n                    <\/div>\n\n                <\/div><!-- .elementskit-card END -->\n\n                        <\/div>\n    <\/div>\t\t<\/div>\n\t\t\t\t<\/div>\n\t\t\t\t\t<\/div>\n\t\t<\/div>\n\t\t\t\t\t\t\t<\/div>\n\t\t<\/section>\n\t\t\t\t<section class=\"elementor-section elementor-top-section elementor-element elementor-element-108cd500 elementor-section-boxed elementor-section-height-default elementor-section-height-default\" data-id=\"108cd500\" data-element_type=\"section\" data-settings=\"{&quot;background_background&quot;:&quot;classic&quot;}\">\n\t\t\t\t\t\t\t<div class=\"elementor-background-overlay\"><\/div>\n\t\t\t\t\t\t\t<div class=\"elementor-container elementor-column-gap-default\">\n\t\t\t\t\t<div class=\"elementor-column elementor-col-100 elementor-top-column elementor-element elementor-element-4c33b0d1\" data-id=\"4c33b0d1\" data-element_type=\"column\">\n\t\t\t<div class=\"elementor-widget-wrap elementor-element-populated\">\n\t\t\t\t\t\t\t\t<div class=\"elementor-element elementor-element-29a22d3 elementor-widget elementor-widget-image\" data-id=\"29a22d3\" data-element_type=\"widget\" data-widget_type=\"image.default\">\n\t\t\t\t<div class=\"elementor-widget-container\">\n\t\t\t<style>\/*! elementor - v3.6.7 - 03-07-2022 *\/\n.elementor-widget-image{text-align:center}.elementor-widget-image a{display:inline-block}.elementor-widget-image a img[src$=\".svg\"]{width:48px}.elementor-widget-image img{vertical-align:middle;display:inline-block}<\/style>\t\t\t\t\t\t\t\t\t\t\t\t<img loading=\"lazy\" decoding=\"async\" width=\"1100\" height=\"573\" src=\"https:\/\/femde.mx\/nacionales2022\/wp-content\/uploads\/2022\/04\/e1992f9c-bcd7-4680-81f3-95f71bd5a79d-PhotoRoom.png\" class=\"attachment-full size-full\" alt=\"\" srcset=\"https:\/\/femde.mx\/nacionales2022\/wp-content\/uploads\/2022\/04\/e1992f9c-bcd7-4680-81f3-95f71bd5a79d-PhotoRoom.png 1100w, https:\/\/femde.mx\/nacionales2022\/wp-content\/uploads\/2022\/04\/e1992f9c-bcd7-4680-81f3-95f71bd5a79d-PhotoRoom-300x156.png 300w, https:\/\/femde.mx\/nacionales2022\/wp-content\/uploads\/2022\/04\/e1992f9c-bcd7-4680-81f3-95f71bd5a79d-PhotoRoom-1024x533.png 1024w, https:\/\/femde.mx\/nacionales2022\/wp-content\/uploads\/2022\/04\/e1992f9c-bcd7-4680-81f3-95f71bd5a79d-PhotoRoom-768x400.png 768w\" sizes=\"(max-width: 1100px) 100vw, 1100px\" \/>\t\t\t\t\t\t\t\t\t\t\t\t\t\t\t<\/div>\n\t\t\t\t<\/div>\n\t\t\t\t\t<\/div>\n\t\t<\/div>\n\t\t\t\t\t\t\t<\/div>\n\t\t<\/section>\n\t\t\t\t\t\t\t<\/div>\n\t\t","protected":false},"excerpt":{"rendered":"<p>JEN2022 \/ PARTICIPACI\u00d3N PAQUETES DE ENTRADA JUEGOS EMPRESARIALES MUNDIALES 2023 M\u00e1s Info AFILIACI\u00d3N DE LA EMPRESA Esta Edici\u00f3n ser\u00e1 subsidiada por la FEMDE, por lo cual no tendr\u00e1 alg\u00fan costo de afiliaci\u00f3n para la empresa. REGISTRO DE EMPLEADOS PARA ACREDITAR Costo de $250 Personal Incluye seguro contra accidentes en d\u00edas de competencia y derecho de &hellip;<\/p>\n<p class=\"read-more\"> <a class=\"\" href=\"https:\/\/femde.mx\/nacionales2022\/acreditaciones\/\"> <span class=\"screen-reader-text\">Acreditaciones<\/span> Read More &raquo;<\/a><\/p>\n","protected":false},"author":1,"featured_media":0,"parent":0,"menu_order":0,"comment_status":"closed","ping_status":"closed","template":"","meta":{"site-sidebar-layout":"no-sidebar","site-content-layout":"page-builder","ast-global-header-display":"","ast-main-header-display":"","ast-hfb-above-header-display":"","ast-hfb-below-header-display":"","ast-hfb-mobile-header-display":"","site-post-title":"disabled","ast-breadcrumbs-content":"","ast-featured-img":"disabled","footer-sml-layout":"","theme-transparent-header-meta":"","adv-header-id-meta":"","stick-header-meta":"","header-above-stick-meta":"","header-main-stick-meta":"","header-below-stick-meta":"","footnotes":""},"_links":{"self":[{"href":"https:\/\/femde.mx\/nacionales2022\/wp-json\/wp\/v2\/pages\/147"}],"collection":[{"href":"https:\/\/femde.mx\/nacionales2022\/wp-json\/wp\/v2\/pages"}],"about":[{"href":"https:\/\/femde.mx\/nacionales2022\/wp-json\/wp\/v2\/types\/page"}],"author":[{"embeddable":true,"href":"https:\/\/femde.mx\/nacionales2022\/wp-json\/wp\/v2\/users\/1"}],"replies":[{"embeddable":true,"href":"https:\/\/femde.mx\/nacionales2022\/wp-json\/wp\/v2\/comments?post=147"}],"version-history":[{"count":113,"href":"https:\/\/femde.mx\/nacionales2022\/wp-json\/wp\/v2\/pages\/147\/revisions"}],"predecessor-version":[{"id":2897,"href":"https:\/\/femde.mx\/nacionales2022\/wp-json\/wp\/v2\/pages\/147\/revisions\/2897"}],"wp:attachment":[{"href":"https:\/\/femde.mx\/nacionales2022\/wp-json\/wp\/v2\/media?parent=147"}],"curies":[{"name":"wp","href":"https:\/\/api.w.org\/{rel}","templated":true}]}}